{"id":329,"date":"2024-02-23T11:09:55","date_gmt":"2024-02-23T10:09:55","guid":{"rendered":"https:\/\/casapote.com\/?page_id=329"},"modified":"2026-02-11T13:59:25","modified_gmt":"2026-02-11T12:59:25","slug":"menu-del-dia","status":"publish","type":"page","link":"https:\/\/casapote.com\/index.php\/menu-del-dia\/","title":{"rendered":"Men\u00fa del d\u00eda"},"content":{"rendered":"\n<p class=\"has-text-align-center menu-titulo has-white-color has-text-color has-background has-link-color has-medium-font-size wp-elements-3aaac944900bf17ec8e7430e0d3b0c66\" style=\"background-color:#2e4f64\"><strong>MARTES A VIERNES<\/strong><\/p>\n\n\n\n<hr class=\"wp-block-separator has-alpha-channel-opacity is-style-dots\"\/>\n\n\n\n<div class=\"wp-block-columns columnas-menu is-layout-flex wp-container-core-columns-is-layout-9d6595d7 wp-block-columns-is-layout-flex\">\n<div class=\"wp-block-column has-background is-layout-flow wp-block-column-is-layout-flow\" style=\"background-color:#a9c9e1\">\n<p><\/p>\n\n\n\n<p class=\"has-text-align-center has-text-color has-link-color wp-elements-d1114cfb07d465c26ed8686365d0a719\" style=\"color:#060951\"><strong>PRIMEROS<\/strong><\/p>\n\n\n\n<p class=\"has-text-align-center has-black-color has-text-color has-link-color wp-elements-7760e6c7aac193bd30f99d4938c17dbe\">Sopa<\/p>\n\n\n\n<p class=\"has-text-align-center has-black-color has-text-color has-link-color wp-elements-8d7e8a904939ab73dbd4a15eabc1bb4a\">Caldo<\/p>\n\n\n\n<p class=\"has-text-align-center has-black-color has-text-color has-link-color wp-elements-50d68067b20e730771f74a83a36a1801\">Ensalada del d\u00eda<\/p>\n\n\n\n<p class=\"has-text-align-center has-black-color has-text-color has-link-color wp-elements-000ab534a75a0cc758dd64d85e148fd8\">Fajitas<\/p>\n\n\n\n<p class=\"has-text-align-center has-black-color has-text-color has-link-color wp-elements-be789ff18a8c07034ddbe2e8c990b0f1\">Mejillones vinagreta<\/p>\n<\/div>\n\n\n\n<div class=\"wp-block-column has-background is-layout-flow wp-block-column-is-layout-flow\" style=\"background-color:#a9c9e1\">\n<p><\/p>\n\n\n\n<p class=\"has-text-align-center has-text-color has-link-color wp-elements-e0502abe7fd6343ef977884303415b5c\" style=\"color:#060951\"><strong>SEGUNDOS<\/strong><\/p>\n\n\n\n<p class=\"has-text-align-center has-black-color has-text-color has-link-color wp-elements-153d274e651f97e8e355a59c18cfbf92\">Cocido +2euros<\/p>\n\n\n\n<p class=\"has-text-align-center has-black-color has-text-color has-link-color wp-elements-061187345a50cc675b4e51b68b2bdfaf\">Jam\u00f3n asado<\/p>\n\n\n\n<p class=\"has-text-align-center has-black-color has-text-color has-link-color wp-elements-ffdce97c4790360e46e50a0d99523743\">At\u00fan plancha<\/p>\n\n\n\n<p class=\"has-text-align-center has-black-color has-text-color has-link-color wp-elements-d78814b43bbfd7d5a6a4ae1624777c03\">Pollo al horno<\/p>\n<\/div>\n\n\n\n<div class=\"wp-block-column has-background is-layout-flow wp-block-column-is-layout-flow\" style=\"background-color:#a9c9e1\">\n<p><\/p>\n\n\n\n<p class=\"has-text-align-center has-text-color has-link-color wp-elements-c2c0ed0aae8590df425c08549bae7964\" style=\"color:#060951\"><strong>POSTRES<\/strong><\/p>\n\n\n\n<p class=\"has-text-align-center has-black-color has-text-color has-link-color wp-elements-0242aa2bd8b5bc54591cae1d69975859\">Tarta de queso <\/p>\n\n\n\n<p class=\"has-text-align-center has-black-color has-text-color has-link-color wp-elements-e05a12a4004548e7674d1b988491c490\">Flan<\/p>\n\n\n\n<p class=\"has-text-align-center has-black-color has-text-color has-link-color wp-elements-b77fcd558deb8ce45f1a16363205725f\">Macedonia de fruta<\/p>\n<\/div>\n<\/div>\n\n\n\n<hr class=\"wp-block-separator has-alpha-channel-opacity is-style-dots\"\/>\n\n\n\n<div class=\"wp-block-columns is-layout-flex wp-container-core-columns-is-layout-9d6595d7 wp-block-columns-is-layout-flex\">\n<div class=\"wp-block-column is-vertically-aligned-stretch has-cyan-bluish-gray-background-color has-background is-layout-flow wp-block-column-is-layout-flow\">\n<p class=\"has-text-align-center has-text-color has-link-color wp-elements-a183a80f5e34005813bc1ed4052877b3\" style=\"color:#060951\"><strong>Precio 15,00\u20ac<\/strong> (incluye postre o caf\u00e9)<\/p>\n\n\n\n<p class=\"has-text-align-center has-text-color has-link-color wp-elements-6abf6c07164bb30916ac677bdb3c5efb\" style=\"color:#060951\"><strong>Para Llevar:<\/strong> Primero + Segundo 12,00\u20ac<\/p>\n\n\n\n<p class=\"has-text-align-center has-text-color has-link-color wp-elements-a2bdba20e179c0256fe82fe41f1e95cb\" style=\"color:#060951\"><strong>Para llevar:<\/strong> Primero + Segundo + Postre o caf\u00e9 13,50\u20ac<\/p>\n<\/div>\n<\/div>\n\n\n\n<p><\/p>\n\n\n\n<hr class=\"wp-block-separator has-alpha-channel-opacity is-style-dots\"\/>\n\n\n\n<div class=\"wp-block-buttons is-content-justification-center is-layout-flex wp-container-core-buttons-is-layout-16018d1d wp-block-buttons-is-layout-flex\">\n<div class=\"wp-block-button\"><a class=\"wp-block-button__link has-white-color has-text-color has-background has-link-color wp-element-button\" href=\"https:\/\/casapote.com\/index.php\/contacto\/\" style=\"border-radius:12px;background-color:#0f2c3c\">Contactar<\/a><\/div>\n<\/div>\n","protected":false},"excerpt":{"rendered":"<p>MARTES A VIERNES PRIMEROS Sopa Caldo Ensalada del d\u00eda Fajitas Mejillones vinagreta SEGUNDOS Cocido +2euros Jam\u00f3n asado At\u00fan plancha Pollo al horno POSTRES Tarta de queso Flan Macedonia de fruta Precio 15,00\u20ac (incluye postre o caf\u00e9) Para Llevar: Primero + Segundo 12,00\u20ac Para llevar: Primero + Segundo + Postre o caf\u00e9 13,50\u20ac<\/p>\n","protected":false},"author":1,"featured_media":0,"parent":0,"menu_order":0,"comment_status":"closed","ping_status":"closed","template":"","meta":{"footnotes":""},"class_list":["post-329","page","type-page","status-publish","hentry"],"_links":{"self":[{"href":"https:\/\/casapote.com\/index.php\/wp-json\/wp\/v2\/pages\/329","targetHints":{"allow":["GET"]}}],"collection":[{"href":"https:\/\/casapote.com\/index.php\/wp-json\/wp\/v2\/pages"}],"about":[{"href":"https:\/\/casapote.com\/index.php\/wp-json\/wp\/v2\/types\/page"}],"author":[{"embeddable":true,"href":"https:\/\/casapote.com\/index.php\/wp-json\/wp\/v2\/users\/1"}],"replies":[{"embeddable":true,"href":"https:\/\/casapote.com\/index.php\/wp-json\/wp\/v2\/comments?post=329"}],"version-history":[{"count":32,"href":"https:\/\/casapote.com\/index.php\/wp-json\/wp\/v2\/pages\/329\/revisions"}],"predecessor-version":[{"id":449,"href":"https:\/\/casapote.com\/index.php\/wp-json\/wp\/v2\/pages\/329\/revisions\/449"}],"wp:attachment":[{"href":"https:\/\/casapote.com\/index.php\/wp-json\/wp\/v2\/media?parent=329"}],"curies":[{"name":"wp","href":"https:\/\/api.w.org\/{rel}","templated":true}]}}