{"id":41,"date":"2024-01-25T14:03:41","date_gmt":"2024-01-25T13:03:41","guid":{"rendered":"https:\/\/casapote.com\/?page_id=41"},"modified":"2024-02-01T12:35:31","modified_gmt":"2024-02-01T11:35:31","slug":"empresa","status":"publish","type":"page","link":"https:\/\/casapote.com\/index.php\/empresa\/","title":{"rendered":"Empresa"},"content":{"rendered":"\n<div class=\"wp-block-media-text alignwide has-media-on-the-right is-stacked-on-mobile is-vertically-aligned-center is-image-fill has-background\" style=\"background-color:#0792e333;grid-template-columns:auto 40%\"><div class=\"wp-block-media-text__content\">\n<div class=\"wp-block-group\" style=\"padding-top:2em;padding-right:2em;padding-bottom:2em;padding-left:2em\"><div class=\"wp-block-group__inner-container is-layout-flow wp-block-group-is-layout-flow\">\n<p style=\"font-size:36px;line-height:1.2\">Nosotros<\/p>\n\n\n\n<p class=\"has-text-align-left has-extra-small-font-size\">En Casa Pote, no simplemente servimos comida; ofrecemos una experiencia gastron\u00f3mica \u00fanica que combina la rica tradici\u00f3n culinaria con un ambiente acogedor. Nuestro restaurante, situado en el coraz\u00f3n de la ciudad, es un oasis gastron\u00f3mico donde cada plato es una obra maestra y cada visita se convierte en un recuerdo especial.<\/p>\n\n\n\n<p>Casa Pote nace de la pasi\u00f3n por la buena comida y el deseo de compartir momentos especiales con nuestros comensales. Desde nuestros modestos comienzos hasta convertirnos en un punto de referencia culinario, hemos mantenido nuestro compromiso con la calidad, la autenticidad y la hospitalidad.<\/p>\n<\/div><\/div>\n<\/div><figure class=\"wp-block-media-text__media\" style=\"background-image:url(https:\/\/casapote.com\/wp-content\/uploads\/2024\/01\/WhatsApp-Image-2024-01-26-at-11.20.05.jpeg);background-position:50% 50%\"><img loading=\"lazy\" decoding=\"async\" width=\"1283\" height=\"1600\" src=\"https:\/\/casapote.com\/wp-content\/uploads\/2024\/01\/WhatsApp-Image-2024-01-26-at-11.20.05.jpeg\" alt=\"\" class=\"wp-image-92 size-full\"\/><\/figure><\/div>\n\n\n\n<p> <\/p>\n\n\n\n<div class=\"wp-block-media-text alignwide is-stacked-on-mobile is-vertically-aligned-center is-image-fill has-background\" style=\"background-color:#0792e333;grid-template-columns:40% auto\"><figure class=\"wp-block-media-text__media\" style=\"background-image:url(https:\/\/casapote.com\/wp-content\/uploads\/2024\/01\/Restaurante-Casa-Pote-9.jpg);background-position:50% 50%\"><img loading=\"lazy\" decoding=\"async\" width=\"768\" height=\"1024\" src=\"https:\/\/casapote.com\/wp-content\/uploads\/2024\/01\/Restaurante-Casa-Pote-9.jpg\" alt=\"\" class=\"wp-image-80 size-full\"\/><\/figure><div class=\"wp-block-media-text__content\">\n<div class=\"wp-block-group\" style=\"padding-top:2em;padding-right:2em;padding-bottom:2em;padding-left:2em\"><div class=\"wp-block-group__inner-container is-layout-flow wp-block-group-is-layout-flow\">\n<p>En Casa Pote, la cocina es el coraz\u00f3n de nuestra casa. Nuestro talentoso equipo de chefs utiliza ingredientes frescos y locales para crear platos que reflejan la esencia de la cocina tradicional, con un toque moderno. Cada bocado cuenta una historia de sabores que celebran nuestras ra\u00edces y exploran nuevas fronteras culinarias.<\/p>\n\n\n\n<p>Nuestro restaurante ofrece un ambiente c\u00e1lido y acogedor, perfecto para cualquier ocasi\u00f3n. Ya sea una comida \u00edntima, una celebraci\u00f3n familiar o una reuni\u00f3n de amigos, en Casa Pote encontrar\u00e1s el entorno perfecto para disfrutar de momentos inolvidables. Desde la iluminaci\u00f3n cuidadosamente seleccionada hasta la decoraci\u00f3n que refleja nuestra historia, cada detalle ha sido pensado para crear una experiencia \u00fanica.<\/p>\n<\/div><\/div>\n<\/div><\/div>\n","protected":false},"excerpt":{"rendered":"","protected":false},"author":1,"featured_media":0,"parent":0,"menu_order":0,"comment_status":"closed","ping_status":"closed","template":"","meta":{"footnotes":""},"class_list":["post-41","page","type-page","status-publish","hentry"],"_links":{"self":[{"href":"https:\/\/casapote.com\/index.php\/wp-json\/wp\/v2\/pages\/41","targetHints":{"allow":["GET"]}}],"collection":[{"href":"https:\/\/casapote.com\/index.php\/wp-json\/wp\/v2\/pages"}],"about":[{"href":"https:\/\/casapote.com\/index.php\/wp-json\/wp\/v2\/types\/page"}],"author":[{"embeddable":true,"href":"https:\/\/casapote.com\/index.php\/wp-json\/wp\/v2\/users\/1"}],"replies":[{"embeddable":true,"href":"https:\/\/casapote.com\/index.php\/wp-json\/wp\/v2\/comments?post=41"}],"version-history":[{"count":5,"href":"https:\/\/casapote.com\/index.php\/wp-json\/wp\/v2\/pages\/41\/revisions"}],"predecessor-version":[{"id":168,"href":"https:\/\/casapote.com\/index.php\/wp-json\/wp\/v2\/pages\/41\/revisions\/168"}],"wp:attachment":[{"href":"https:\/\/casapote.com\/index.php\/wp-json\/wp\/v2\/media?parent=41"}],"curies":[{"name":"wp","href":"https:\/\/api.w.org\/{rel}","templated":true}]}}