{"id":43,"date":"2024-01-25T14:04:05","date_gmt":"2024-01-25T13:04:05","guid":{"rendered":"https:\/\/casapote.com\/?page_id=43"},"modified":"2024-02-01T13:18:13","modified_gmt":"2024-02-01T12:18:13","slug":"contacto","status":"publish","type":"page","link":"https:\/\/casapote.com\/index.php\/contacto\/","title":{"rendered":"Contacto"},"content":{"rendered":"\n<div class=\"wp-block-columns is-layout-flex wp-container-core-columns-is-layout-9d6595d7 wp-block-columns-is-layout-flex\">\n<div class=\"wp-block-column is-vertically-aligned-center is-layout-flow wp-block-column-is-layout-flow\">\n<p><strong>Tel\u00e9fono<\/strong>: 986 60 01 28 <\/p>\n\n\n\n<p><strong>Email:<\/strong> <a href=\"mailto:info@casapote.com\">info@casapote.com<\/a><\/p>\n<\/div>\n\n\n\n<div class=\"wp-block-column is-vertically-aligned-center is-layout-flow wp-block-column-is-layout-flow\"><div class=\"wp-block-image\">\n<figure class=\"aligncenter size-full is-resized\"><img loading=\"lazy\" decoding=\"async\" width=\"1530\" height=\"583\" src=\"https:\/\/casapote.com\/wp-content\/uploads\/2024\/02\/Casapote-desde-fuera.png\" alt=\"\" class=\"wp-image-170\" style=\"width:664px;height:auto\"\/><\/figure>\n<\/div><\/div>\n<\/div>\n\n\n\n<p><strong>Nos encontramos en:<\/strong> Carretera Continuaci\u00f3n Col\u00f3n, Estrada Baiona, 15, 36700 Tui, Pontevedra<\/p>\n\n\n\n<p><strong>Horario:<\/strong> <\/p>\n\n\n\n<figure class=\"wp-block-table is-style-stripes\"><table><tbody><tr><td>Lunes<\/td><td>Cerrado<\/td><\/tr><tr><td>Martes<\/td><td>13:00\u201315:30<\/td><\/tr><tr><td>Mi\u00e9rcoles<\/td><td>13:00\u201315:30<\/td><\/tr><tr><td>Jueves<\/td><td>13:00\u201315:30<\/td><\/tr><tr><td>Viernes<\/td><td>13:00\u201315:30<\/td><\/tr><tr><td>S\u00e1bado<\/td><td>13:00\u201315:30, 21:00\u201323:00<\/td><\/tr><tr><td>Domingo<\/td><td>13:00\u201315:30<\/td><\/tr><\/tbody><\/table><\/figure>\n\n\n\n<p><\/p>\n","protected":false},"excerpt":{"rendered":"<p>Tel\u00e9fono: 986 60 01 28 Email: info@casapote.com Nos encontramos en: Carretera Continuaci\u00f3n Col\u00f3n, Estrada Baiona, 15, 36700 Tui, Pontevedra Horario: Lunes Cerrado Martes 13:00\u201315:30 Mi\u00e9rcoles 13:00\u201315:30 Jueves 13:00\u201315:30 Viernes 13:00\u201315:30 S\u00e1bado 13:00\u201315:30, 21:00\u201323:00 Domingo 13:00\u201315:30<\/p>\n","protected":false},"author":1,"featured_media":0,"parent":0,"menu_order":0,"comment_status":"closed","ping_status":"closed","template":"","meta":{"footnotes":""},"class_list":["post-43","page","type-page","status-publish","hentry"],"_links":{"self":[{"href":"https:\/\/casapote.com\/index.php\/wp-json\/wp\/v2\/pages\/43","targetHints":{"allow":["GET"]}}],"collection":[{"href":"https:\/\/casapote.com\/index.php\/wp-json\/wp\/v2\/pages"}],"about":[{"href":"https:\/\/casapote.com\/index.php\/wp-json\/wp\/v2\/types\/page"}],"author":[{"embeddable":true,"href":"https:\/\/casapote.com\/index.php\/wp-json\/wp\/v2\/users\/1"}],"replies":[{"embeddable":true,"href":"https:\/\/casapote.com\/index.php\/wp-json\/wp\/v2\/comments?post=43"}],"version-history":[{"count":11,"href":"https:\/\/casapote.com\/index.php\/wp-json\/wp\/v2\/pages\/43\/revisions"}],"predecessor-version":[{"id":180,"href":"https:\/\/casapote.com\/index.php\/wp-json\/wp\/v2\/pages\/43\/revisions\/180"}],"wp:attachment":[{"href":"https:\/\/casapote.com\/index.php\/wp-json\/wp\/v2\/media?parent=43"}],"curies":[{"name":"wp","href":"https:\/\/api.w.org\/{rel}","templated":true}]}}