{"id":102,"date":"2024-01-26T12:42:57","date_gmt":"2024-01-26T11:42:57","guid":{"rendered":"https:\/\/casapote.com\/?post_type=product&#038;p=102"},"modified":"2024-01-26T12:42:57","modified_gmt":"2024-01-26T11:42:57","slug":"pulpo-a-feira","status":"publish","type":"product","link":"https:\/\/casapote.com\/index.php\/producto\/pulpo-a-feira\/","title":{"rendered":"Pulpo &#8220;a Feira&#8221;"},"content":{"rendered":"","protected":false},"excerpt":{"rendered":"<p>Descubre la tradici\u00f3n gallega con nuestro pulpo &#8220;\u00e1 feira&#8221;. Disponible en tama\u00f1o Peque\u00f1o y Normal, es una experiencia culinaria \u00fanica que no querr\u00e1s perderte.<\/p>\n","protected":false},"featured_media":105,"comment_status":"open","ping_status":"closed","template":"","meta":[],"product_brand":[],"product_cat":[17],"product_tag":[],"class_list":{"0":"post-102","1":"product","2":"type-product","3":"status-publish","4":"has-post-thumbnail","6":"product_cat-tapas","8":"first","9":"instock","10":"shipping-taxable","11":"purchasable","12":"product-type-variable"},"_links":{"self":[{"href":"https:\/\/casapote.com\/index.php\/wp-json\/wp\/v2\/product\/102","targetHints":{"allow":["GET"]}}],"collection":[{"href":"https:\/\/casapote.com\/index.php\/wp-json\/wp\/v2\/product"}],"about":[{"href":"https:\/\/casapote.com\/index.php\/wp-json\/wp\/v2\/types\/product"}],"replies":[{"embeddable":true,"href":"https:\/\/casapote.com\/index.php\/wp-json\/wp\/v2\/comments?post=102"}],"wp:featuredmedia":[{"embeddable":true,"href":"https:\/\/casapote.com\/index.php\/wp-json\/wp\/v2\/media\/105"}],"wp:attachment":[{"href":"https:\/\/casapote.com\/index.php\/wp-json\/wp\/v2\/media?parent=102"}],"wp:term":[{"taxonomy":"product_brand","embeddable":true,"href":"https:\/\/casapote.com\/index.php\/wp-json\/wp\/v2\/product_brand?post=102"},{"taxonomy":"product_cat","embeddable":true,"href":"https:\/\/casapote.com\/index.php\/wp-json\/wp\/v2\/product_cat?post=102"},{"taxonomy":"product_tag","embeddable":true,"href":"https:\/\/casapote.com\/index.php\/wp-json\/wp\/v2\/product_tag?post=102"}],"curies":[{"name":"wp","href":"https:\/\/api.w.org\/{rel}","templated":true}]}}